{"id":1208,"date":"2020-08-06T14:24:05","date_gmt":"2020-08-06T12:24:05","guid":{"rendered":"https:\/\/rahneducation.torutecwiki.com\/?page_id=1208"},"modified":"2021-03-24T12:56:27","modified_gmt":"2021-03-24T11:56:27","slug":"startseite","status":"publish","type":"page","link":"https:\/\/rahneducation.torutecwiki.com\/","title":{"rendered":"Startseite"},"content":{"rendered":"\n<h4><strong>Willkommen auf dem Wiki<\/strong><\/h4>\n\n\n\n<div class=\"wp-block-columns\">\n<div class=\"wp-block-column\" style=\"flex-basis:66.66%\">\n<p>Klicken Sie oben rechts auf <strong>Kategorien<\/strong>, oder nutzen Sie die <strong>Suchleiste <\/strong>und geben z.B. &#8220;Teams; Outlook; Weiterleitung; Passwort vergessen&#8221; ein.<\/p>\n<\/div>\n\n\n\n<div class=\"wp-block-column\" style=\"flex-basis:33.33%\"><a class=\"st-btn  st-btn- st-btn-\" href=\"https:\/\/rahneducation.torutecwiki.com\/?page_id=1270\" target=\"_self\"> Kategorien<\/a>\n<\/div>\n<\/div>\n\n\n\n<div class=\"wp-block-columns\">\n<div class=\"wp-block-column\" style=\"flex-basis:66.66%\">\n<p>Schauen Sie sich unsere <strong><a rel=\"noreferrer noopener\" href=\"https:\/\/rahneducation.torutecwiki.com\/?post_type=st_faq\" target=\"_blank\">FAQ <\/a><\/strong>an um eine Auswahl von vorgefertigten Fragen-Problem-L\u00f6sungen zu finden.<\/p>\n<\/div>\n\n\n\n<div class=\"wp-block-column\" style=\"flex-basis:33.33%\"><a class=\"st-btn  st-btn- st-btn-\" href=\"https:\/\/rahneducation.torutecwiki.com\/?post_type=st_faq\" target=\"_self\"> FAQ <\/a>\n<\/div>\n<\/div>\n\n\n\n<div style=\"height:20px\" aria-hidden=\"true\" class=\"wp-block-spacer\"><\/div>\n\n\n\n<hr class=\"wp-block-separator\"\/>\n\n\n\n<p><strong>F\u00fcr eine erfolgreiche digitale Lehre<\/strong><\/p>\n\n\n\n<div class=\"wp-block-columns\">\n<div class=\"wp-block-column\" style=\"flex-basis:50%\">\n<figure class=\"wp-block-embed is-type-wp-embed is-provider-it-wiki-der-rahn-education wp-block-embed-it-wiki-der-rahn-education\"><div class=\"wp-block-embed__wrapper\">\n<blockquote class=\"wp-embedded-content\" data-secret=\"KMwUZsvYEF\"><a href=\"https:\/\/rahneducation.torutecwiki.com\/?p=1806\">Tipps f\u00fcr den Onlineunterricht mit MS-Teams<\/a><\/blockquote><iframe class=\"wp-embedded-content\" sandbox=\"allow-scripts\" security=\"restricted\" style=\"position: absolute; clip: rect(1px, 1px, 1px, 1px);\" title=\"&#8222;Tipps f\u00fcr den Onlineunterricht mit MS-Teams&#8220; &#8212; IT Wiki der Rahn Education\" src=\"https:\/\/rahneducation.torutecwiki.com\/?p=1806&#038;embed=true#?secret=KMwUZsvYEF\" data-secret=\"KMwUZsvYEF\" width=\"600\" height=\"338\" frameborder=\"0\" marginwidth=\"0\" marginheight=\"0\" scrolling=\"no\"><\/iframe>\n<\/div><\/figure>\n<\/div>\n\n\n\n<div class=\"wp-block-column\">\n<figure class=\"wp-block-embed is-type-wp-embed is-provider-it-wiki-der-rahn-education wp-block-embed-it-wiki-der-rahn-education\"><div class=\"wp-block-embed__wrapper\">\n<blockquote class=\"wp-embedded-content\" data-secret=\"Lv4M8YsUkh\"><a href=\"https:\/\/rahneducation.torutecwiki.com\/?p=1828\">MS-Teams Besprechungen &#8211; Funktionen<\/a><\/blockquote><iframe class=\"wp-embedded-content\" sandbox=\"allow-scripts\" security=\"restricted\" style=\"position: absolute; clip: rect(1px, 1px, 1px, 1px);\" title=\"&#8222;MS-Teams Besprechungen &#8211; Funktionen&#8220; &#8212; IT Wiki der Rahn Education\" src=\"https:\/\/rahneducation.torutecwiki.com\/?p=1828&#038;embed=true#?secret=Lv4M8YsUkh\" data-secret=\"Lv4M8YsUkh\" width=\"600\" height=\"338\" frameborder=\"0\" marginwidth=\"0\" marginheight=\"0\" scrolling=\"no\"><\/iframe>\n<\/div><\/figure>\n<\/div>\n<\/div>\n\n\n\n<hr class=\"wp-block-separator\"\/>\n\n\n\n<p><strong>Haben Sie sich schon die Grundlagen angeschaut<\/strong>? <\/p>\n\n\n\n<div class=\"wp-block-columns are-vertically-aligned-top\">\n<div class=\"wp-block-column is-vertically-aligned-top\">\n<figure class=\"wp-block-embed aligncenter is-type-wp-embed is-provider-it-wiki-der-rahn-education wp-block-embed-it-wiki-der-rahn-education\"><div class=\"wp-block-embed__wrapper\">\n<blockquote class=\"wp-embedded-content\" data-secret=\"vMBJLoqW0Z\"><a href=\"https:\/\/rahneducation.torutecwiki.com\/?p=900\">Outlook Grundlagen<\/a><\/blockquote><iframe class=\"wp-embedded-content\" sandbox=\"allow-scripts\" security=\"restricted\" style=\"position: absolute; clip: rect(1px, 1px, 1px, 1px);\" title=\"&#8222;Outlook Grundlagen&#8220; &#8212; IT Wiki der Rahn Education\" src=\"https:\/\/rahneducation.torutecwiki.com\/?p=900&#038;embed=true#?secret=vMBJLoqW0Z\" data-secret=\"vMBJLoqW0Z\" width=\"600\" height=\"338\" frameborder=\"0\" marginwidth=\"0\" marginheight=\"0\" scrolling=\"no\"><\/iframe>\n<\/div><\/figure>\n\n\n\n<p><\/p>\n<\/div>\n\n\n\n<div class=\"wp-block-column is-vertically-aligned-top\">\n<figure class=\"wp-block-embed aligncenter is-type-wp-embed is-provider-it-wiki-der-rahn-education wp-block-embed-it-wiki-der-rahn-education\"><div class=\"wp-block-embed__wrapper\">\n<blockquote class=\"wp-embedded-content\" data-secret=\"YRvjnkUy6c\"><a href=\"https:\/\/rahneducation.torutecwiki.com\/?p=338\">MS-Teams Grundlagen<\/a><\/blockquote><iframe class=\"wp-embedded-content\" sandbox=\"allow-scripts\" security=\"restricted\" style=\"position: absolute; clip: rect(1px, 1px, 1px, 1px);\" title=\"&#8222;MS-Teams Grundlagen&#8220; &#8212; IT Wiki der Rahn Education\" src=\"https:\/\/rahneducation.torutecwiki.com\/?p=338&#038;embed=true#?secret=YRvjnkUy6c\" data-secret=\"YRvjnkUy6c\" width=\"600\" height=\"338\" frameborder=\"0\" marginwidth=\"0\" marginheight=\"0\" scrolling=\"no\"><\/iframe>\n<\/div><\/figure>\n\n\n\n<p><\/p>\n<\/div>\n\n\n\n<div class=\"wp-block-column is-vertically-aligned-top\">\n<figure class=\"wp-block-embed is-type-wp-embed is-provider-it-wiki-der-rahn-education wp-block-embed-it-wiki-der-rahn-education\"><div class=\"wp-block-embed__wrapper\">\n<blockquote class=\"wp-embedded-content\" data-secret=\"FomdPJ6LZz\"><a href=\"https:\/\/rahneducation.torutecwiki.com\/?p=1509\">Jabber<\/a><\/blockquote><iframe class=\"wp-embedded-content\" sandbox=\"allow-scripts\" security=\"restricted\" style=\"position: absolute; clip: rect(1px, 1px, 1px, 1px);\" title=\"&#8222;Jabber&#8220; &#8212; IT Wiki der Rahn Education\" src=\"https:\/\/rahneducation.torutecwiki.com\/?p=1509&#038;embed=true#?secret=FomdPJ6LZz\" data-secret=\"FomdPJ6LZz\" width=\"600\" height=\"338\" frameborder=\"0\" marginwidth=\"0\" marginheight=\"0\" scrolling=\"no\"><\/iframe>\n<\/div><\/figure>\n<\/div>\n<\/div>\n\n\n\n<hr class=\"wp-block-separator\"\/>\n\n\n\n<p><strong>Hier sehen Sie die neusten Beitr\u00e4ge<\/strong>:<\/p>\n\n\n<ul class=\"wp-block-latest-posts__list is-grid columns-3 wp-block-latest-posts\"><li><a href=\"https:\/\/rahneducation.torutecwiki.com\/?p=2411\">Apple Account aktualisieren<\/a><div class=\"wp-block-latest-posts__post-excerpt\">Beachten Sie:Diese Aktualisierung trifft nur auf Sie zu, wenn Sie [&hellip;]<\/div><\/li>\n<li><a href=\"https:\/\/rahneducation.torutecwiki.com\/?p=2394\">Die Netzwerke der Rahn Education<\/a><div class=\"wp-block-latest-posts__post-excerpt\">Innerhalb der IT-Infrastruktur der Rahn Education gibt es zwei voneinander [&hellip;]<\/div><\/li>\n<li><a href=\"https:\/\/rahneducation.torutecwiki.com\/?p=2224\">Nutzerverwaltung f\u00fcr F\u00fchrungskr\u00e4fte<\/a><div class=\"wp-block-latest-posts__post-excerpt\">Als Teil der Personalverwaltung und als Mitarbeiter mit F\u00fchrungsverantwortung haben [&hellip;]<\/div><\/li>\n<\/ul>\n\n\n<p><\/p>\n","protected":false},"excerpt":{"rendered":"<p>Willkommen auf dem Wiki Klicken Sie oben rechts auf Kategorien, oder nutzen Sie die Suchleiste und geben z.B. &#8220;Teams; Outlook; Weiterleitung; Passwort vergessen&#8221; ein. Schauen Sie sich unsere FAQ an um eine Auswahl von vorgefertigten Fragen-Problem-L\u00f6sungen zu finden. F\u00fcr eine erfolgreiche digitale Lehre Haben Sie sich schon die Grundlagen angeschaut? Hier sehen Sie die neusten [&hellip;]<\/p>\n","protected":false},"author":2,"featured_media":0,"parent":0,"menu_order":0,"comment_status":"closed","ping_status":"closed","template":"","meta":[],"_links":{"self":[{"href":"https:\/\/rahneducation.torutecwiki.com\/index.php?rest_route=\/wp\/v2\/pages\/1208"}],"collection":[{"href":"https:\/\/rahneducation.torutecwiki.com\/index.php?rest_route=\/wp\/v2\/pages"}],"about":[{"href":"https:\/\/rahneducation.torutecwiki.com\/index.php?rest_route=\/wp\/v2\/types\/page"}],"author":[{"embeddable":true,"href":"https:\/\/rahneducation.torutecwiki.com\/index.php?rest_route=\/wp\/v2\/users\/2"}],"replies":[{"embeddable":true,"href":"https:\/\/rahneducation.torutecwiki.com\/index.php?rest_route=%2Fwp%2Fv2%2Fcomments&post=1208"}],"version-history":[{"count":30,"href":"https:\/\/rahneducation.torutecwiki.com\/index.php?rest_route=\/wp\/v2\/pages\/1208\/revisions"}],"predecessor-version":[{"id":1966,"href":"https:\/\/rahneducation.torutecwiki.com\/index.php?rest_route=\/wp\/v2\/pages\/1208\/revisions\/1966"}],"wp:attachment":[{"href":"https:\/\/rahneducation.torutecwiki.com\/index.php?rest_route=%2Fwp%2Fv2%2Fmedia&parent=1208"}],"curies":[{"name":"wp","href":"https:\/\/api.w.org\/{rel}","templated":true}]}}