{"id":1725,"date":"2022-03-25T11:40:52","date_gmt":"2022-03-25T10:40:52","guid":{"rendered":"https:\/\/rahneducation.torutecwiki.com\/?page_id=1725"},"modified":"2022-05-09T23:30:37","modified_gmt":"2022-05-09T21:30:37","slug":"unsere-schulungen-im-ueberlick","status":"publish","type":"page","link":"https:\/\/rahneducation.torutecwiki.com\/?page_id=1725","title":{"rendered":"Unsere Seminare im \u00dcberblick"},"content":{"rendered":"\n<p><\/p>\n\n\n\n<div class=\"wp-block-ht-block-toc htoc--position-undefined is-style-outline  htoc htoc--position-wide toc-list-style-plain\" data-htoc-state=\"closed\"><span class=\"htoc__title\"><span class=\"ht_toc_title\">\u00dcbersicht<\/span><span class=\"htoc__toggle\"><svg xmlns=\"http:\/\/www.w3.org\/2000\/svg\" width=\"16\" height=\"16\"><g fill=\"#444\"><path d=\"M15 7H1c-.6 0-1 .4-1 1s.4 1 1 1h14c.6 0 1-.4 1-1s-.4-1-1-1z\"><\/path><path d=\"M15 1H1c-.6 0-1 .4-1 1s.4 1 1 1h14c.6 0 1-.4 1-1s-.4-1-1-1zM15 13H1c-.6 0-1 .4-1 1s.4 1 1 1h14c.6 0 1-.4 1-1s-.4-1-1-1z\"><\/path><\/g><\/svg><\/span><\/span><div class=\"htoc__itemswrap\"><ul class=\"ht_toc_list\"><li class=\"\"><a href=\"#htoc-m\">MS-Teams<\/a><\/li><li class=\"\"><a href=\"#htoc-o\">Outlook<\/a><\/li><li class=\"\"><a href=\"#htoc-m1\">MS-Sharepoint &amp; Onedrive<\/a><\/li><li class=\"\"><a href=\"#htoc-s\">Zum Buchungskalender:<\/a><\/li><\/ul><\/div><\/div>\n\n\n\n<hr class=\"wp-block-separator\"\/>\n\n\n\n<p class=\"has-background\" style=\"background-color:#f5cdcd\"><strong>Beachten Sie:<br><\/strong>Alle angebotenen Termine finden <strong>digital <\/strong>statt.<br>W\u00fcnschen Sie ein Seminar in Pr\u00e4senz? Wenden Sie sich an unseren Helpdesk. <\/p>\n\n\n\n<p>Hier finden Sie kurz die Schwerpunkte und Ziele der einzelnen Seminare.<br>Aktuell werden diese immer donnerstags angeboten. Sie k\u00f6nnen Termine bis zu einem Monat im Voraus buchen, sp\u00e4testens jedoch 24 h vorher. Sollte etwas dazwischen kommen, k\u00f6nnen Sie die Buchungen bis zu 12 h vorher verschieben, stornieren oder \u00e4ndern. Nutzen Sie daf\u00fcr die Verlinkungen in der Best\u00e4tigungsmail. <\/p>\n\n\n\n<p><strong><em>Bitte haben Sie Verst\u00e4ndnis, dass wenn weniger als 4 Personen angemeldet sind, der Termin nicht stattfindet.<\/em><\/strong><\/p>\n\n\n\n<h2 id=\"htoc-m\">MS-Teams<\/h2>\n\n\n\n<p>Bitte nutzen Sie die <strong>MS-Teams Desktop-App<\/strong>, um alle Funktionen nutzen zu k\u00f6nnen und eine einheitliche Oberfl\u00e4che zu gew\u00e4hrleisten.<br><div class=\"st-accordion-wrap\"><br><div class=\"st-accordion-title\"><span class=\"plus\">+<\/span><span class=\"minus\">-<\/span><a href=\"#ms-teams-grundwissen\"><strong>MS-Teams Grundwissen<\/strong><\/a><\/div><div class=\"st-accordion-content\"><br>Ziel: <br>Sie haben die Grundfunktionen (Mitglieder, Kan\u00e4le, Chat, Videoanruf &amp; Dateien) von MS-Teams kennengelernt.<br><br>Inhalt: <br>Team erstellen\/beitreten, Kan\u00e4le erstellen\/verwalten, Mitglieder verwalten, Chat gestalten, Videokonferenz planen und Durchf\u00fchren (ohne Gruppenr\u00e4ume), Dateien austauschen.<br><br>Zielgruppe:<br>Die Grundschulung richtet sich an Anf\u00e4nger, die Teams und \u00e4hnliche Programme noch nicht genutzt haben oder im Umgang unsicher sind.<br><br>Zeit:<br>Es werden ca. 90 Minuten ben\u00f6tigt.<br><\/div><div class=\"st-accordion-title\"><span class=\"plus\">+<\/span><span class=\"minus\">-<\/span><a href=\"#ms-teams-erweiterte-nutzung\"><strong>MS-Teams erweiterte Nutzung<\/strong><\/a><\/div><div class=\"st-accordion-content\"><br>Ziel: <br>Sie haben ein besseres Verst\u00e4ndnis der Grundfunktionen erlangt und k\u00f6nnen einzelne Funktionen miteinander Verkn\u00fcpfen, um eine bessere digitale Arbeitsumgebung zu schaffen. <br><br>Inhalt: <br>Kurze Wiederholung der Grundlagen + Kanalmoderation effizient nutzen, Ank\u00fcndigungen verfassen, Mitgliederrechte verwalten, G\u00e4ste einladen und verwalten, Gruppenr\u00e4ume und &#8220;Besprechungsrechte&#8221; verwalten (z.B.: wer darf wen stumm schalten?).<br><br>Zielgruppe:<br>Die erweiterte Schulung richtet sich an Nutzer, welche die Grundfunktionen beherrschen und vertiefen m\u00f6chten.<br><br>Zeit: <br>Es werden ca. 60-90 Minuten ben\u00f6tigt.<br><\/div><div class=\"st-accordion-title\"><span class=\"plus\">+<\/span><span class=\"minus\">-<\/span><a href=\"#ms-teams-fortgeschrittene-nutzung\"><strong>MS-Teams fortgeschrittene Nutzung<\/strong><\/a><\/div><div class=\"st-accordion-content\"><br>Ziel:<br>Sie k\u00f6nnen erweiternde Programme (Forms, Tasks, Aufgaben &#8230;) hinzuf\u00fcgen und haben einen ersten Einblick in m\u00f6gliche Anwendungsf\u00e4lle erhalten. <br><br>Inhalt:<br>Registerkarten Verwalten mit kurzem Einblick in Forms, Tasks und Aufgaben. M\u00f6gliche Schnittpunkte zwischen Programmen verstehen (z.B. Aufgaben und OneNote). <br><br>Zielgruppe:<br>Personen, die im Umgang mit MS-Teams sehr sicher sind und nach erweiternden M\u00f6glichkeiten suchen.<br><br>Zeit: <br>Es werden ca. 60 Minuten ben\u00f6tigt.<br><\/div><\/div><\/p>\n\n\n\n<hr class=\"wp-block-separator\"\/>\n\n\n\n<h2 id=\"htoc-o\">Outlook<\/h2>\n\n\n\n<div class=\"st-accordion-wrap\"><br><div class=\"st-accordion-title\"><span class=\"plus\">+<\/span><span class=\"minus\">-<\/span><a href=\"#outlook-grundwissen\"><strong>Outlook - Grundwissen<\/strong><\/a><\/div><div class=\"st-accordion-content\"> <br>Ziel:<br>Sie haben einen \u00dcberblick der Grundfunktionen erlangt.<br><br>Inhalt: <br>Kennenlernen der Grundfunktionen: Mails versenden &amp; empfangen, Filterregeln, automatisches sortieren von eingehenden Mails, Abwesenheitsnotizen und Terminkalender.<br><br>Zielgruppe:<br>Personen, die wenig oder gar nicht mit Outlook gearbeitet haben und einen \u00dcberblick \u00fcber die Grundfunktionen erhalten m\u00f6chten.<br><br>Zeit:<br>Es werden ca. 60 Minuten ben\u00f6tigt.<br><\/div><div class=\"st-accordion-title\"><span class=\"plus\">+<\/span><span class=\"minus\">-<\/span><a href=\"#outlook-erweiterte-nutzung\"><strong>Outlook - Erweiterte Nutzung<\/strong><\/a><\/div><div class=\"st-accordion-content\"><br>Ziel: <br>Sie erreichen ein tieferes Verst\u00e4ndnis von einzelnen Outlook-Komponenten und k\u00f6nnen Kollegen\u00fcbergreifend arbeiten.<br><br>Inhalt:<br>Vertiefung von einzelnen Funktionen, Verteilerlisten erstellen &amp; bearbeiten, Aufgaben verwalten, Postf\u00e4cher freigeben, Rechte vergeben und Sicherheitseinstellungen.<br><br>Zielgruppe: <br>Sie nutzen die Grundfunktionen intuitiv und m\u00f6chten tiefere Kenntnis der einzelnen Komponenten sowie der Teamarbeit erlangen.<br><br>Zeit: <br>Es werden ca. 30-45 Minuten ben\u00f6tigt. <br><\/div><\/div>\n\n\n\n<hr class=\"wp-block-separator\"\/>\n\n\n\n<h2 id=\"htoc-m1\">MS-Sharepoint &amp; Onedrive<\/h2>\n\n\n\n<div class=\"st-accordion-wrap\"><br><div class=\"st-accordion-title\"><span class=\"plus\">+<\/span><span class=\"minus\">-<\/span><a href=\"#sharepoint-onedrive-grundwissen\"><strong>Sharepoint &amp; Onedrive Grundwissen<\/strong><\/a><\/div><div class=\"st-accordion-content\"><br>Ziel: <br>Sie haben einen \u00dcberblick \u00fcber Sharepoint und dessen plattform\u00fcbergreifende Bedeutung erlangt.<br><br>Inhalt:<br>\u00dcberblick Sharepoint\/OneDrive verschaffen, Teilen von Daten, Benachrichtigungen verwalten, Versionsverlauf von Dokumenten, Suchen von Daten, Berechtigungssystem (kurz), Schnittpunkte von Sharepoint mit anderen Programmen.<br><br>Zielgruppe: <br>Die Nutzung von MS-Teams, OneDrive und Outlook ist f\u00fcr Sie intuitiv. Sie m\u00f6chten einen Einblick in Funktionen von Sharepoint und dessen Informationsspeicher und -Verteiler Aufgaben bekommen. <br><br>Zeit: <br>Es werden ca. 60 Minuten ben\u00f6tigt.<br><\/div><\/div>\n\n\n\n<h2 id=\"htoc-s\">Zum Buchungskalender:<\/h2>\n\n\n\n<iframe loading=\"lazy\" src=\"https:\/\/www.terminland.eu\/torutec\/?mode=frame\" width=\"100%\" height=\"650\"\n  scrolling=\"auto\" marginwidth=\"0\" marginheight=\"0\" frameborder=\"0\" vspace=\"0\" hspace=\"0\">\n    <p>\n      Ihr Browser kann leider keine eingebetteten Frames anzeigen:\n      Sie k\u00f6nnen die Online-Terminbuchung \u00fcber den folgenden Verweis aufrufen:\n      <a href=\"https:\/\/www.terminland.eu\/torutec\/\">Online-Terminbuchung<\/a>\n    <\/p>\n<\/iframe>\n\n\n\n<p> <\/p>\n","protected":false},"excerpt":{"rendered":"<p>Beachten Sie:Alle angebotenen Termine finden digital statt.W\u00fcnschen Sie ein Seminar in Pr\u00e4senz? Wenden Sie sich an unseren Helpdesk. Hier finden Sie kurz die Schwerpunkte und Ziele der einzelnen Seminare.Aktuell werden diese immer donnerstags angeboten. Sie k\u00f6nnen Termine bis zu einem Monat im Voraus buchen, sp\u00e4testens jedoch 24 h vorher. Sollte etwas dazwischen kommen, k\u00f6nnen Sie [&hellip;]<\/p>\n","protected":false},"author":2,"featured_media":0,"parent":0,"menu_order":0,"comment_status":"closed","ping_status":"closed","template":"","meta":[],"_links":{"self":[{"href":"https:\/\/rahneducation.torutecwiki.com\/index.php?rest_route=\/wp\/v2\/pages\/1725"}],"collection":[{"href":"https:\/\/rahneducation.torutecwiki.com\/index.php?rest_route=\/wp\/v2\/pages"}],"about":[{"href":"https:\/\/rahneducation.torutecwiki.com\/index.php?rest_route=\/wp\/v2\/types\/page"}],"author":[{"embeddable":true,"href":"https:\/\/rahneducation.torutecwiki.com\/index.php?rest_route=\/wp\/v2\/users\/2"}],"replies":[{"embeddable":true,"href":"https:\/\/rahneducation.torutecwiki.com\/index.php?rest_route=%2Fwp%2Fv2%2Fcomments&post=1725"}],"version-history":[{"count":52,"href":"https:\/\/rahneducation.torutecwiki.com\/index.php?rest_route=\/wp\/v2\/pages\/1725\/revisions"}],"predecessor-version":[{"id":2296,"href":"https:\/\/rahneducation.torutecwiki.com\/index.php?rest_route=\/wp\/v2\/pages\/1725\/revisions\/2296"}],"wp:attachment":[{"href":"https:\/\/rahneducation.torutecwiki.com\/index.php?rest_route=%2Fwp%2Fv2%2Fmedia&parent=1725"}],"curies":[{"name":"wp","href":"https:\/\/api.w.org\/{rel}","templated":true}]}}